{"id":20,"date":"2025-09-02T17:00:58","date_gmt":"2025-09-02T17:00:58","guid":{"rendered":"https:\/\/toptraderslatam.com\/brokers\/?page_id=20"},"modified":"2025-09-03T22:07:22","modified_gmt":"2025-09-03T22:07:22","slug":"top-traders","status":"publish","type":"page","link":"https:\/\/toptraderslatam.com\/brokers\/","title":{"rendered":"Top Traders"},"content":{"rendered":"","protected":false},"excerpt":{"rendered":"","protected":false},"author":1,"featured_media":34,"parent":0,"menu_order":0,"comment_status":"closed","ping_status":"closed","template":"","meta":{"footnotes":""},"class_list":["post-20","page","type-page","status-publish","has-post-thumbnail","hentry"],"yoast_head":"<!-- This site is optimized with the Yoast SEO plugin v27.4 - https:\/\/yoast.com\/product\/yoast-seo-wordpress\/ -->\n<title>Top Traders - Top traders latam<\/title>\n<meta name=\"description\" content=\"Descubre los mejores brokers para Latinoam\u00e9rica con nuestras rese\u00f1as. Comparamos regulaci\u00f3n, costos, plataformas y soporte en 2025\" \/>\n<meta name=\"robots\" content=\"index, follow, max-snippet:-1, max-image-preview:large, max-video-preview:-1\" \/>\n<link rel=\"canonical\" href=\"https:\/\/toptraderslatam.com\/brokers\/\" \/>\n<meta property=\"og:locale\" content=\"es_ES\" \/>\n<meta property=\"og:type\" content=\"article\" \/>\n<meta property=\"og:title\" content=\"Top Traders - Top traders latam\" \/>\n<meta property=\"og:description\" content=\"Descubre los mejores brokers para Latinoam\u00e9rica con nuestras rese\u00f1as. Comparamos regulaci\u00f3n, costos, plataformas y soporte en 2025\" \/>\n<meta property=\"og:url\" content=\"https:\/\/toptraderslatam.com\/brokers\/\" \/>\n<meta property=\"og:site_name\" content=\"Top traders latam\" \/>\n<meta property=\"article:modified_time\" content=\"2025-09-03T22:07:22+00:00\" \/>\n<meta property=\"og:image\" content=\"https:\/\/toptraderslatam.com\/brokers\/wp-content\/uploads\/2025\/09\/card1.png\" \/>\n\t<meta property=\"og:image:width\" content=\"1045\" \/>\n\t<meta property=\"og:image:height\" content=\"703\" \/>\n\t<meta property=\"og:image:type\" content=\"image\/png\" \/>\n<meta name=\"twitter:card\" content=\"summary_large_image\" \/>\n<meta name=\"twitter:label1\" content=\"Tiempo de lectura\" \/>\n\t<meta name=\"twitter:data1\" content=\"4 minutos\" \/>\n<script type=\"application\/ld+json\" class=\"yoast-schema-graph\">{\"@context\":\"https:\\\/\\\/schema.org\",\"@graph\":[{\"@type\":\"WebPage\",\"@id\":\"https:\\\/\\\/toptraderslatam.com\\\/brokers\\\/\",\"url\":\"https:\\\/\\\/toptraderslatam.com\\\/brokers\\\/\",\"name\":\"Top Traders - Top traders latam\",\"isPartOf\":{\"@id\":\"https:\\\/\\\/toptraderslatam.com\\\/brokers\\\/#website\"},\"primaryImageOfPage\":{\"@id\":\"https:\\\/\\\/toptraderslatam.com\\\/brokers\\\/#primaryimage\"},\"image\":{\"@id\":\"https:\\\/\\\/toptraderslatam.com\\\/brokers\\\/#primaryimage\"},\"thumbnailUrl\":\"https:\\\/\\\/toptraderslatam.com\\\/brokers\\\/wp-content\\\/uploads\\\/2025\\\/09\\\/card1.png\",\"datePublished\":\"2025-09-02T17:00:58+00:00\",\"dateModified\":\"2025-09-03T22:07:22+00:00\",\"description\":\"Descubre los mejores brokers para Latinoam\u00e9rica con nuestras rese\u00f1as. Comparamos regulaci\u00f3n, costos, plataformas y soporte en 2025\",\"breadcrumb\":{\"@id\":\"https:\\\/\\\/toptraderslatam.com\\\/brokers\\\/#breadcrumb\"},\"inLanguage\":\"es\",\"potentialAction\":[{\"@type\":\"ReadAction\",\"target\":[\"https:\\\/\\\/toptraderslatam.com\\\/brokers\\\/\"]}]},{\"@type\":\"ImageObject\",\"inLanguage\":\"es\",\"@id\":\"https:\\\/\\\/toptraderslatam.com\\\/brokers\\\/#primaryimage\",\"url\":\"https:\\\/\\\/toptraderslatam.com\\\/brokers\\\/wp-content\\\/uploads\\\/2025\\\/09\\\/card1.png\",\"contentUrl\":\"https:\\\/\\\/toptraderslatam.com\\\/brokers\\\/wp-content\\\/uploads\\\/2025\\\/09\\\/card1.png\",\"width\":1045,\"height\":703},{\"@type\":\"BreadcrumbList\",\"@id\":\"https:\\\/\\\/toptraderslatam.com\\\/brokers\\\/#breadcrumb\",\"itemListElement\":[{\"@type\":\"ListItem\",\"position\":1,\"name\":\"Portada\",\"item\":\"https:\\\/\\\/toptraderslatam.com\\\/brokers\\\/\"},{\"@type\":\"ListItem\",\"position\":2,\"name\":\"Top Traders\"}]},{\"@type\":\"WebSite\",\"@id\":\"https:\\\/\\\/toptraderslatam.com\\\/brokers\\\/#website\",\"url\":\"https:\\\/\\\/toptraderslatam.com\\\/brokers\\\/\",\"name\":\"Top traders latam\",\"description\":\"Top traders latam\",\"potentialAction\":[{\"@type\":\"SearchAction\",\"target\":{\"@type\":\"EntryPoint\",\"urlTemplate\":\"https:\\\/\\\/toptraderslatam.com\\\/brokers\\\/?s={search_term_string}\"},\"query-input\":{\"@type\":\"PropertyValueSpecification\",\"valueRequired\":true,\"valueName\":\"search_term_string\"}}],\"inLanguage\":\"es\"}]}<\/script>\n<!-- \/ Yoast SEO plugin. -->","yoast_head_json":{"title":"Top Traders - Top traders latam","description":"Descubre los mejores brokers para Latinoam\u00e9rica con nuestras rese\u00f1as. Comparamos regulaci\u00f3n, costos, plataformas y soporte en 2025","robots":{"index":"index","follow":"follow","max-snippet":"max-snippet:-1","max-image-preview":"max-image-preview:large","max-video-preview":"max-video-preview:-1"},"canonical":"https:\/\/toptraderslatam.com\/brokers\/","og_locale":"es_ES","og_type":"article","og_title":"Top Traders - Top traders latam","og_description":"Descubre los mejores brokers para Latinoam\u00e9rica con nuestras rese\u00f1as. Comparamos regulaci\u00f3n, costos, plataformas y soporte en 2025","og_url":"https:\/\/toptraderslatam.com\/brokers\/","og_site_name":"Top traders latam","article_modified_time":"2025-09-03T22:07:22+00:00","og_image":[{"width":1045,"height":703,"url":"https:\/\/toptraderslatam.com\/brokers\/wp-content\/uploads\/2025\/09\/card1.png","type":"image\/png"}],"twitter_card":"summary_large_image","twitter_misc":{"Tiempo de lectura":"4 minutos"},"schema":{"@context":"https:\/\/schema.org","@graph":[{"@type":"WebPage","@id":"https:\/\/toptraderslatam.com\/brokers\/","url":"https:\/\/toptraderslatam.com\/brokers\/","name":"Top Traders - Top traders latam","isPartOf":{"@id":"https:\/\/toptraderslatam.com\/brokers\/#website"},"primaryImageOfPage":{"@id":"https:\/\/toptraderslatam.com\/brokers\/#primaryimage"},"image":{"@id":"https:\/\/toptraderslatam.com\/brokers\/#primaryimage"},"thumbnailUrl":"https:\/\/toptraderslatam.com\/brokers\/wp-content\/uploads\/2025\/09\/card1.png","datePublished":"2025-09-02T17:00:58+00:00","dateModified":"2025-09-03T22:07:22+00:00","description":"Descubre los mejores brokers para Latinoam\u00e9rica con nuestras rese\u00f1as. Comparamos regulaci\u00f3n, costos, plataformas y soporte en 2025","breadcrumb":{"@id":"https:\/\/toptraderslatam.com\/brokers\/#breadcrumb"},"inLanguage":"es","potentialAction":[{"@type":"ReadAction","target":["https:\/\/toptraderslatam.com\/brokers\/"]}]},{"@type":"ImageObject","inLanguage":"es","@id":"https:\/\/toptraderslatam.com\/brokers\/#primaryimage","url":"https:\/\/toptraderslatam.com\/brokers\/wp-content\/uploads\/2025\/09\/card1.png","contentUrl":"https:\/\/toptraderslatam.com\/brokers\/wp-content\/uploads\/2025\/09\/card1.png","width":1045,"height":703},{"@type":"BreadcrumbList","@id":"https:\/\/toptraderslatam.com\/brokers\/#breadcrumb","itemListElement":[{"@type":"ListItem","position":1,"name":"Portada","item":"https:\/\/toptraderslatam.com\/brokers\/"},{"@type":"ListItem","position":2,"name":"Top Traders"}]},{"@type":"WebSite","@id":"https:\/\/toptraderslatam.com\/brokers\/#website","url":"https:\/\/toptraderslatam.com\/brokers\/","name":"Top traders latam","description":"Top traders latam","potentialAction":[{"@type":"SearchAction","target":{"@type":"EntryPoint","urlTemplate":"https:\/\/toptraderslatam.com\/brokers\/?s={search_term_string}"},"query-input":{"@type":"PropertyValueSpecification","valueRequired":true,"valueName":"search_term_string"}}],"inLanguage":"es"}]}},"_links":{"self":[{"href":"https:\/\/toptraderslatam.com\/brokers\/wp-json\/wp\/v2\/pages\/20","targetHints":{"allow":["GET"]}}],"collection":[{"href":"https:\/\/toptraderslatam.com\/brokers\/wp-json\/wp\/v2\/pages"}],"about":[{"href":"https:\/\/toptraderslatam.com\/brokers\/wp-json\/wp\/v2\/types\/page"}],"author":[{"embeddable":true,"href":"https:\/\/toptraderslatam.com\/brokers\/wp-json\/wp\/v2\/users\/1"}],"replies":[{"embeddable":true,"href":"https:\/\/toptraderslatam.com\/brokers\/wp-json\/wp\/v2\/comments?post=20"}],"version-history":[{"count":29,"href":"https:\/\/toptraderslatam.com\/brokers\/wp-json\/wp\/v2\/pages\/20\/revisions"}],"predecessor-version":[{"id":84,"href":"https:\/\/toptraderslatam.com\/brokers\/wp-json\/wp\/v2\/pages\/20\/revisions\/84"}],"wp:featuredmedia":[{"embeddable":true,"href":"https:\/\/toptraderslatam.com\/brokers\/wp-json\/wp\/v2\/media\/34"}],"wp:attachment":[{"href":"https:\/\/toptraderslatam.com\/brokers\/wp-json\/wp\/v2\/media?parent=20"}],"curies":[{"name":"wp","href":"https:\/\/api.w.org\/{rel}","templated":true}]}}